{"id":61,"date":"2026-05-07T09:35:53","date_gmt":"2026-05-07T09:35:53","guid":{"rendered":"https:\/\/jjkompiuteriai.lt\/?post_type=product&#038;p=61"},"modified":"2026-05-07T09:35:53","modified_gmt":"2026-05-07T09:35:53","slug":"hp-envi-x360-15","status":"publish","type":"product","link":"https:\/\/jjkompiuteriai.lt\/en\/product\/hp-envi-x360-15\/","title":{"rendered":"HP Envi X360 15&#8243;"},"content":{"rendered":"<ul data-start=\"72\" data-end=\"423\">\n<li data-section-id=\"1pi1lu\" data-start=\"72\" data-end=\"121\">15.6&#8243; Full HD (1920&#215;1080) IPS lie\u010diamas ekranas<\/li>\n<li data-section-id=\"16xf9hg\" data-start=\"122\" data-end=\"192\">Ry\u0161kus ir kokybi\u0161kas vaizdas, geros spalvos bei plat\u016bs matymo kampai<\/li>\n<li data-section-id=\"al4tle\" data-start=\"193\" data-end=\"276\">Ekranas sukasi 360\u00b0 kampu \u2013 galima naudoti kaip plan\u0161et\u0119 ar \u201etent\u201c re\u017eimu filmams<\/li>\n<li data-section-id=\"6vajw4\" data-start=\"277\" data-end=\"324\">Ploni ekrano r\u0117meliai suteikia modern\u0173 vaizd\u0105<\/li>\n<li data-section-id=\"oromja\" data-start=\"325\" data-end=\"356\">AMD Ryzen 5 3500U procesorius<\/li>\n<li data-section-id=\"v1m08e\" data-start=\"357\" data-end=\"394\">Radeon Vega Graphics vaizdo plok\u0161t\u0117<\/li>\n<li data-section-id=\"1d5l6ul\" data-start=\"395\" data-end=\"410\">8 GB DDR4 RAM<\/li>\n<li data-section-id=\"34mslb\" data-start=\"411\" data-end=\"423\">512 GB SSD<\/li>\n<\/ul>\n<p data-start=\"425\" data-end=\"436\">\ud83d\udd39 Jungtys:<\/p>\n<ul data-start=\"437\" data-end=\"523\">\n<li data-section-id=\"17bvgea\" data-start=\"437\" data-end=\"444\">USB-C<\/li>\n<li data-section-id=\"y03bwl\" data-start=\"445\" data-end=\"455\">2\u00d7 USB-A<\/li>\n<li data-section-id=\"1j3s8n4\" data-start=\"456\" data-end=\"462\">HDMI<\/li>\n<li data-section-id=\"1k2ckgm\" data-start=\"463\" data-end=\"488\">SD korteli\u0173 skaitytuvas<\/li>\n<li data-section-id=\"1pe9vpz\" data-start=\"489\" data-end=\"523\">3.5 mm ausini\u0173\/mikrofono jungtis<\/li>\n<\/ul>\n<p data-start=\"525\" data-end=\"539\">\ud83d\udd39 Papildomai:<\/p>\n<ul data-start=\"540\" data-end=\"708\">\n<li data-section-id=\"1phaq3j\" data-start=\"540\" data-end=\"564\">Ap\u0161vie\u010diama klaviat\u016bra<\/li>\n<li data-section-id=\"9dla5i\" data-start=\"565\" data-end=\"595\">Bang &amp; Olufsen garsiakalbiai<\/li>\n<li data-section-id=\"1fyc655\" data-start=\"596\" data-end=\"616\">Wi-Fi ir Bluetooth<\/li>\n<li data-section-id=\"k7tkf0\" data-start=\"617\" data-end=\"651\">Integruota kamera bei mikrofonas<\/li>\n<li data-section-id=\"f85kgg\" data-start=\"652\" data-end=\"676\">Greitai veikiantis SSD<\/li>\n<li data-section-id=\"1w0o4qb\" data-start=\"677\" data-end=\"708\">Kokybi\u0161kas metalinis korpusas<\/li>\n<\/ul>\n<p data-start=\"710\" data-end=\"877\">Puikiai tinka:<br \/>\n\u2705 darbui ir mokslams<br data-start=\"745\" data-end=\"748\" \/>\u2705 nar\u0161ymui internete<br data-start=\"768\" data-end=\"771\" \/>\u2705 filmams ir YouTube<br data-start=\"791\" data-end=\"794\" \/>\u2705 Photoshop \/ lengvam redagavimui<br data-start=\"827\" data-end=\"830\" \/>\u2705 kasdieniam naudojimui<br data-start=\"853\" data-end=\"856\" \/>\u2705 lengviems \u017eaidimams<\/p>\n<p data-start=\"710\" data-end=\"877\">Korpusas turi naudojimo \u017eymiu matom\u0173 nuotraukose<\/p>\n<p data-start=\"710\" data-end=\"877\">Dani\u0161ka klaviat\u016bra<\/p>\n<p data-start=\"964\" data-end=\"980\">Komplektacijoje:<\/p>\n<ul data-start=\"981\" data-end=\"1029\">\n<li data-section-id=\"1kszb1o\" data-start=\"981\" data-end=\"1005\">ne\u0161iojamas kompiuteris<\/li>\n<li data-section-id=\"15n6l9o\" data-start=\"1006\" data-end=\"1029\">originalus \u012fkroviklis<\/li>\n<\/ul>","protected":false},"excerpt":{"rendered":"<p>15.6&#8243; Full HD (1920&#215;1080) IPS lie\u010diamas ekranas Ry\u0161kus ir kokybi\u0161kas vaizdas, geros spalvos bei plat\u016bs matymo kampai Ekranas sukasi 360\u00b0 kampu \u2013 galima naudoti kaip plan\u0161et\u0119 ar \u201etent\u201c re\u017eimu filmams Ploni ekrano r\u0117meliai suteikia modern\u0173 vaizd\u0105 AMD Ryzen 5 3500U procesorius Radeon Vega Graphics vaizdo plok\u0161t\u0117 8 GB DDR4 RAM 512 GB SSD \ud83d\udd39 Jungtys: [&hellip;]<\/p>\n","protected":false},"featured_media":67,"template":"","meta":[],"product_brand":[],"product_cat":[22],"product_tag":[],"class_list":{"0":"post-61","1":"product","2":"type-product","3":"status-publish","4":"has-post-thumbnail","6":"product_cat-naudoti-kompiuteriai","8":"first","9":"instock","10":"shipping-taxable","11":"purchasable","12":"product-type-simple"},"aioseo_notices":[],"_links":{"self":[{"href":"https:\/\/jjkompiuteriai.lt\/en\/wp-json\/wp\/v2\/product\/61","targetHints":{"allow":["GET"]}}],"collection":[{"href":"https:\/\/jjkompiuteriai.lt\/en\/wp-json\/wp\/v2\/product"}],"about":[{"href":"https:\/\/jjkompiuteriai.lt\/en\/wp-json\/wp\/v2\/types\/product"}],"wp:featuredmedia":[{"embeddable":true,"href":"https:\/\/jjkompiuteriai.lt\/en\/wp-json\/wp\/v2\/media\/67"}],"wp:attachment":[{"href":"https:\/\/jjkompiuteriai.lt\/en\/wp-json\/wp\/v2\/media?parent=61"}],"wp:term":[{"taxonomy":"product_brand","embeddable":true,"href":"https:\/\/jjkompiuteriai.lt\/en\/wp-json\/wp\/v2\/product_brand?post=61"},{"taxonomy":"product_cat","embeddable":true,"href":"https:\/\/jjkompiuteriai.lt\/en\/wp-json\/wp\/v2\/product_cat?post=61"},{"taxonomy":"product_tag","embeddable":true,"href":"https:\/\/jjkompiuteriai.lt\/en\/wp-json\/wp\/v2\/product_tag?post=61"}],"curies":[{"name":"wp","href":"https:\/\/api.w.org\/{rel}","templated":true}]}}