{"id":50,"date":"2026-05-07T08:23:21","date_gmt":"2026-05-07T08:23:21","guid":{"rendered":"https:\/\/mediumspringgreen-swan-908339.hostingersite.com\/kontaktai\/"},"modified":"2026-05-07T10:22:18","modified_gmt":"2026-05-07T10:22:18","slug":"kontaktai","status":"publish","type":"page","link":"https:\/\/jjkompiuteriai.lt\/en\/kontaktai\/","title":{"rendered":"Kontaktai"},"content":{"rendered":"<div data-elementor-type=\"wp-page\" data-elementor-id=\"50\" class=\"elementor elementor-50\">\n\t\t\t\t<div data-aos=\"fade-up\" class=\"hostinger-elementor-aos elementor-element elementor-element-bf67571 e-grid hostinger-ai-contact-form-4 e-con-boxed e-con e-parent\" data-id=\"bf67571\" data-element_type=\"container\" data-e-type=\"container\" data-settings=\"{&quot;background_background&quot;:&quot;classic&quot;}\">\n\t\t\t\t\t<div class=\"e-con-inner\">\n\t\t<div data-aos=\"fade-up\" class=\"hostinger-elementor-aos elementor-element elementor-element-472d24e e-con-full e-flex e-con e-child\" data-id=\"472d24e\" data-element_type=\"container\" data-e-type=\"container\">\n\t\t\t\t<div class=\"elementor-element elementor-element-df01ac4 hostinger-ai-title elementor-widget elementor-widget-heading\" data-id=\"df01ac4\" data-element_type=\"widget\" data-e-type=\"widget\" data-widget_type=\"heading.default\">\n\t\t\t\t\t<h2 class=\"elementor-heading-title elementor-size-default\">Susisiekite su mumis<\/h2>\t\t\t\t<\/div>\n\t\t\t\t<div class=\"elementor-element elementor-element-06045b1 elementor-widget elementor-widget-hostinger-contact-form\" data-id=\"06045b1\" data-element_type=\"widget\" data-e-type=\"widget\" data-widget_type=\"hostinger-contact-form.default\">\n\t\t\t\t<div class=\"elementor-widget-container\">\n\t\t\t\t\t        <div class=\"hostinger-elementor-contact-form\">\n            <section class=\"hts-section hts-page hts-contact-form\">\n                <div class=\"hts-details\">\n                    <div class=\"elementor-hts-contact-details elementor-hts-contacts\">\n                        \n                        \n                        <form id=\"contact-form-69fc855cccde0\" data-recipient=\"ai5qYW5rYXVza2FzQGluYm94Lmx0\" action=\"\">\n                            <input type=\"hidden\" id=\"contactform_nonce\" name=\"contactform_nonce\" value=\"eb81e77058\" \/><input type=\"hidden\" name=\"_wp_http_referer\" value=\"\/en\/wp-json\/wp\/v2\/pages\/50\" \/>\n                            <label for=\"contact-form-69fc855cccde0-name\">Vardas<\/label>\n                            <input type=\"text\"\n                                   id=\"contact-form-69fc855cccde0-name\"\n                                   class=\"contact-name\"\n                                   name=\"name\"\n                                   placeholder=\"Koks tavo vardas?\"\n                                   required>\n\n                            <label for=\"contact-form-69fc855cccde0-email\">El. pa\u0161tas<\/label>\n                            <input type=\"email\"\n                                   id=\"contact-form-69fc855cccde0-email\"\n                                   class=\"contact-email\"\n                                   name=\"email\"\n                                   placeholder=\"Koks tavo el. pa\u0161to adresas?\"\n                                   required>\n\n                            \n                            <label for=\"contact-form-69fc855cccde0-message\">\u017dinut\u0117<\/label>\n                            <textarea id=\"contact-form-69fc855cccde0-message\"\n                                      class=\"contact-message\"\n                                      name=\"message\"\n                                      placeholder=\"Para\u0161yk \u017einut\u0119...\"\n                                      required><\/textarea>\n\n                            <div class=\"hts-privacy-agree\">\n                                <label class=\"hts-form-control\">\n                                    <input type=\"checkbox\"\n                                           id=\"contact-form-69fc855cccde0-privacy-policy-checkbox\"\n                                           class=\"privacy-policy-checkbox\"\n                                           name=\"privacy_policy\"\n                                           required>\n                                    <span>I consent to use of provided personal data for the purpose of responding to the request as described in <a href=\"\" target=\"_blank\">Privacy Policy<\/a> which I have read. I may withdraw my consent at any time.<\/span>\n                                <\/label>\n                            <\/div>\n\n                            <input type=\"submit\" value=\"Si\u0173sti \u017einut\u0119\">\n                            <div class=\"validate-message\"><\/div>\n                        <input type=\"hidden\" name=\"trp-form-language\" value=\"en\"\/><\/form>\n                    <\/div>\n                <\/div>\n            <\/section>\n        <\/div>\n        \t\t\t\t<\/div>\n\t\t\t\t<\/div>\n\t\t\t\t<\/div>\n\t\t\t\t\t<\/div>\n\t\t\t\t<\/div>\n\t\t<div data-aos=\"fade-up\" class=\"hostinger-elementor-aos elementor-element elementor-element-4432c10 e-flex e-con-boxed e-con e-parent\" data-id=\"4432c10\" data-element_type=\"container\" data-e-type=\"container\">\n\t\t\t\t\t<div class=\"e-con-inner\">\n\t\t<div data-aos=\"fade-up\" class=\"hostinger-elementor-aos elementor-element elementor-element-9bd5fc7 e-con-full e-grid e-con e-child\" data-id=\"9bd5fc7\" data-element_type=\"container\" data-e-type=\"container\">\n\t\t<div data-aos=\"fade-up\" class=\"hostinger-elementor-aos elementor-element elementor-element-89ded6c e-con-full e-flex e-con e-child\" data-id=\"89ded6c\" data-element_type=\"container\" data-e-type=\"container\">\n\t\t\t\t<div class=\"elementor-element elementor-element-914b069 hostinger-ai-title elementor-widget elementor-widget-heading\" data-id=\"914b069\" data-element_type=\"widget\" data-e-type=\"widget\" data-widget_type=\"heading.default\">\n\t\t\t\t\t<h2 class=\"elementor-heading-title elementor-size-default\">Adresas<\/h2>\t\t\t\t<\/div>\n\t\t\t\t<div class=\"elementor-element elementor-element-251ae85 hostinger-ai-description elementor-widget elementor-widget-text-editor\" data-id=\"251ae85\" data-element_type=\"widget\" data-e-type=\"widget\" data-widget_type=\"text-editor.default\">\n\t\t\t\t\t\t\t\t\t<p>Juodelyn\u0117s g. 131, Kaunas<\/p>\t\t\t\t\t\t\t\t<\/div>\n\t\t\t\t<div class=\"elementor-element elementor-element-0f97aa9 hostinger-ai-title hostinger-index-1 hostinger-ai-font-bold elementor-widget elementor-widget-heading\" data-id=\"0f97aa9\" data-element_type=\"widget\" data-e-type=\"widget\" data-widget_type=\"heading.default\">\n\t\t\t\t\t<h2 class=\"elementor-heading-title elementor-size-default\">Telefonas<\/h2>\t\t\t\t<\/div>\n\t\t\t\t<div class=\"elementor-element elementor-element-82e8020 elementor-widget elementor-widget-text-editor\" data-id=\"82e8020\" data-element_type=\"widget\" data-e-type=\"widget\" data-widget_type=\"text-editor.default\">\n\t\t\t\t\t\t\t\t\t<p>+37067136051<\/p>\t\t\t\t\t\t\t\t<\/div>\n\t\t\t\t<div class=\"elementor-element elementor-element-243157a hostinger-ai-title hostinger-index-2 hostinger-ai-font-bold elementor-widget elementor-widget-heading\" data-id=\"243157a\" data-element_type=\"widget\" data-e-type=\"widget\" data-widget_type=\"heading.default\">\n\t\t\t\t\t<h2 class=\"elementor-heading-title elementor-size-default\">El. pa\u0161tas<\/h2>\t\t\t\t<\/div>\n\t\t\t\t<div class=\"elementor-element elementor-element-d02e010 elementor-widget elementor-widget-text-editor\" data-id=\"d02e010\" data-element_type=\"widget\" data-e-type=\"widget\" data-widget_type=\"text-editor.default\">\n\t\t\t\t\t\t\t\t\t<p>justinas@jjkompiuteriai.lt<\/p>\t\t\t\t\t\t\t\t<\/div>\n\t\t\t\t<\/div>\n\t\t\t\t<div class=\"elementor-element elementor-element-53165b4 elementor-widget elementor-widget-html\" data-id=\"53165b4\" data-element_type=\"widget\" data-e-type=\"widget\" data-widget_type=\"html.default\">\n\t\t\t\t\t<iframe src=\"https:\/\/www.google.com\/maps\/embed?pb=!1m18!1m12!1m3!1d2295.7792253559314!2d23.849293876687305!3d54.87168767277083!2m3!1f0!2f0!3f0!3m2!1i1024!2i768!4f13.1!3m3!1m2!1s0x46e7222b9a7717cd%3A0x1e911924343d6083!2sJuodelyn%C4%97s%20g.%20131%2C%20Kaunas%2C%2046399%20Kauno%20m.%20sav.!5e0!3m2!1sen!2slt!4v1778149280859!5m2!1sen!2slt\" width=\"600\" height=\"450\" style=\"border:0;\" allowfullscreen=\"\" loading=\"lazy\" referrerpolicy=\"no-referrer-when-downgrade\"><\/iframe>\t\t\t\t<\/div>\n\t\t\t\t<\/div>\n\t\t\t\t\t<\/div>\n\t\t\t\t<\/div>\n\t\t\t\t<\/div>","protected":false},"excerpt":{"rendered":"<p>Susisiekite su mumis Vardas El. pa\u0161tas \u017dinut\u0117 Sutinku, kad pateikti asmens duomenys b\u016bt\u0173 naudojami atsakymo \u012f u\u017eklaus\u0105 tikslu, kaip apra\u0161yta Privatumo politika kuri\u0105 perskai\u010diau. Savo sutikim\u0105 galiu bet kada at\u0161aukti. Adresas Juodelyn\u0117s g. 131, Kaunas Telefonas +37067136051 El. pa\u0161tas justinas@jjkompiuteriai.lt<\/p>","protected":false},"author":1,"featured_media":0,"parent":0,"menu_order":0,"comment_status":"closed","ping_status":"closed","template":"","meta":{"footnotes":""},"class_list":["post-50","page","type-page","status-publish","hentry"],"aioseo_notices":[],"_hostinger_reach_plugin_has_subscription_block":false,"_hostinger_reach_plugin_is_elementor":false,"_links":{"self":[{"href":"https:\/\/jjkompiuteriai.lt\/en\/wp-json\/wp\/v2\/pages\/50","targetHints":{"allow":["GET"]}}],"collection":[{"href":"https:\/\/jjkompiuteriai.lt\/en\/wp-json\/wp\/v2\/pages"}],"about":[{"href":"https:\/\/jjkompiuteriai.lt\/en\/wp-json\/wp\/v2\/types\/page"}],"author":[{"embeddable":true,"href":"https:\/\/jjkompiuteriai.lt\/en\/wp-json\/wp\/v2\/users\/1"}],"replies":[{"embeddable":true,"href":"https:\/\/jjkompiuteriai.lt\/en\/wp-json\/wp\/v2\/comments?post=50"}],"version-history":[{"count":6,"href":"https:\/\/jjkompiuteriai.lt\/en\/wp-json\/wp\/v2\/pages\/50\/revisions"}],"predecessor-version":[{"id":81,"href":"https:\/\/jjkompiuteriai.lt\/en\/wp-json\/wp\/v2\/pages\/50\/revisions\/81"}],"wp:attachment":[{"href":"https:\/\/jjkompiuteriai.lt\/en\/wp-json\/wp\/v2\/media?parent=50"}],"curies":[{"name":"wp","href":"https:\/\/api.w.org\/{rel}","templated":true}]}}