{"id":47,"date":"2026-05-07T08:23:04","date_gmt":"2026-05-07T08:23:04","guid":{"rendered":"https:\/\/mediumspringgreen-swan-908339.hostingersite.com\/pagrindinis\/"},"modified":"2026-05-07T10:44:59","modified_gmt":"2026-05-07T10:44:59","slug":"pagrindinis","status":"publish","type":"page","link":"https:\/\/jjkompiuteriai.lt\/en\/","title":{"rendered":"Pagrindinis"},"content":{"rendered":"<div data-elementor-type=\"wp-page\" data-elementor-id=\"47\" class=\"elementor elementor-47\">\n\t\t\t\t<div data-aos=\"fade-up\" class=\"hostinger-elementor-aos elementor-element elementor-element-07fe42a hostinger-ai-hero-for-online-store-5 hostinger-ai-background-image e-flex e-con-boxed e-con e-parent\" data-id=\"07fe42a\" data-element_type=\"container\" data-e-type=\"container\" data-settings=\"{&quot;background_background&quot;:&quot;classic&quot;}\">\n\t\t\t\t\t<div class=\"e-con-inner\">\n\t\t<div data-aos=\"fade-up\" class=\"hostinger-elementor-aos elementor-element elementor-element-4df0c5f e-con-full e-flex e-con e-child\" data-id=\"4df0c5f\" data-element_type=\"container\" data-e-type=\"container\">\n\t\t\t\t<div class=\"elementor-element elementor-element-552c703 hostinger-ai-subtitle hostinger-index-5 elementor-widget elementor-widget-heading\" data-id=\"552c703\" data-element_type=\"widget\" data-e-type=\"widget\" data-widget_type=\"heading.default\">\n\t\t\t\t\t<p class=\"elementor-heading-title elementor-size-default\">THE ONLY ONE<\/p>\t\t\t\t<\/div>\n\t\t\t\t<div class=\"elementor-element elementor-element-25adc73 hostinger-ai-title hostinger-index-5 hostinger-ai-font-title elementor-widget elementor-widget-heading\" data-id=\"25adc73\" data-element_type=\"widget\" data-e-type=\"widget\" data-widget_type=\"heading.default\">\n\t\t\t\t\t<h2 class=\"elementor-heading-title elementor-size-default\">Naudoti kompiuteriai<\/h2>\t\t\t\t<\/div>\n\t\t\t\t<div class=\"elementor-element elementor-element-43ed9d8 hostinger-ai-description hostinger-index-0 elementor-widget elementor-widget-text-editor\" data-id=\"43ed9d8\" data-element_type=\"widget\" data-e-type=\"widget\" data-widget_type=\"text-editor.default\">\n\t\t\t\t\t\t\t\t\tPatikimi, patikrinti ir paruo\u0161ti darbui kompiuteriai u\u017e ger\u0105 kain\u0105.\t\t\t\t\t\t\t\t<\/div>\n\t\t<div data-aos=\"fade-up\" class=\"hostinger-elementor-aos elementor-element elementor-element-491acf8 e-flex e-con-boxed e-con e-child\" data-id=\"491acf8\" data-element_type=\"container\" data-e-type=\"container\">\n\t\t\t\t\t<div class=\"e-con-inner\">\n\t\t\t\t<div class=\"elementor-element elementor-element-7274cd5 hostinger-ai-cta-button hostinger-index-6 elementor-widget elementor-widget-button\" data-id=\"7274cd5\" data-element_type=\"widget\" data-e-type=\"widget\" data-widget_type=\"button.default\">\n\t\t\t\t\t\t\t\t\t\t<a class=\"elementor-button elementor-button-link elementor-size-sm\" href=\"https:\/\/jjkompiuteriai.lt\/en\/shop\/\">\n\t\t\t\t\t\t<span class=\"elementor-button-content-wrapper\">\n\t\t\t\t\t\t\t\t\t<span class=\"elementor-button-text\">Pirkti dabar<\/span>\n\t\t\t\t\t<\/span>\n\t\t\t\t\t<\/a>\n\t\t\t\t\t\t\t\t<\/div>\n\t\t\t\t<div class=\"elementor-element elementor-element-43e19e3 hostinger-ai-cta-button hostinger-index-7 elementor-widget elementor-widget-button\" data-id=\"43e19e3\" data-element_type=\"widget\" data-e-type=\"widget\" data-widget_type=\"button.default\">\n\t\t\t\t\t\t\t\t\t\t<a class=\"elementor-button elementor-button-link elementor-size-sm\" href=\"https:\/\/jjkompiuteriai.lt\/en\/shop\/\">\n\t\t\t\t\t\t<span class=\"elementor-button-content-wrapper\">\n\t\t\t\t\t\t\t\t\t<span class=\"elementor-button-text\">Remontas<\/span>\n\t\t\t\t\t<\/span>\n\t\t\t\t\t<\/a>\n\t\t\t\t\t\t\t\t<\/div>\n\t\t\t\t\t<\/div>\n\t\t\t\t<\/div>\n\t\t\t\t<\/div>\n\t\t\t\t\t<\/div>\n\t\t\t\t<\/div>\n\t\t<div data-aos=\"fade-up\" class=\"hostinger-elementor-aos elementor-element elementor-element-4249ea0 e-grid hostinger-ai-product-category-4 e-con-boxed e-con e-parent\" data-id=\"4249ea0\" data-element_type=\"container\" data-e-type=\"container\">\n\t\t\t\t\t<div class=\"e-con-inner\">\n\t\t<div data-aos=\"fade-up\" class=\"hostinger-elementor-aos elementor-element elementor-element-c908bf6 e-con-full e-flex e-con e-child\" data-id=\"c908bf6\" data-element_type=\"container\" data-e-type=\"container\">\n\t\t<div data-aos=\"fade-up\" class=\"hostinger-elementor-aos elementor-element elementor-element-e8b26c9 e-con-full is-light has-white-color hostinger-ai-cover-image hostinger-index-9 e-flex e-con e-child\" data-id=\"e8b26c9\" data-element_type=\"container\" data-e-type=\"container\" data-settings=\"{&quot;background_background&quot;:&quot;classic&quot;}\">\n\t\t<div data-aos=\"fade-up\" class=\"hostinger-elementor-aos elementor-element elementor-element-76675c7 e-con-full e-flex e-con e-child\" data-id=\"76675c7\" data-element_type=\"container\" data-e-type=\"container\" data-settings=\"{&quot;position&quot;:&quot;absolute&quot;}\">\n\t\t\t\t<div class=\"elementor-element elementor-element-6f24577 hostinger-ai-subtitle hostinger-index-9 elementor-widget elementor-widget-heading\" data-id=\"6f24577\" data-element_type=\"widget\" data-e-type=\"widget\" data-widget_type=\"heading.default\">\n\t\t\t\t\t<h2 class=\"elementor-heading-title elementor-size-default\">Patikima kokyb\u0117<\/h2>\t\t\t\t<\/div>\n\t\t\t\t<div class=\"elementor-element elementor-element-c4367aa hostinger-ai-title hostinger-index-9 hostinger-ai-font-title elementor-widget elementor-widget-heading\" data-id=\"c4367aa\" data-element_type=\"widget\" data-e-type=\"widget\" data-widget_type=\"heading.default\">\n\t\t\t\t\t<h2 class=\"elementor-heading-title elementor-size-default\">Naudoti kompiuteriai<\/h2>\t\t\t\t<\/div>\n\t\t\t\t<div class=\"elementor-element elementor-element-b01f155 hostinger-ai-cta-button hostinger-index-9 elementor-widget elementor-widget-button\" data-id=\"b01f155\" data-element_type=\"widget\" data-e-type=\"widget\" data-widget_type=\"button.default\">\n\t\t\t\t\t\t\t\t\t\t<a class=\"elementor-button elementor-button-link elementor-size-sm\" href=\"https:\/\/jjkompiuteriai.lt\/en\/product-category\/naudoti-kompiuteriai\/\">\n\t\t\t\t\t\t<span class=\"elementor-button-content-wrapper\">\n\t\t\t\t\t\t\t\t\t<span class=\"elementor-button-text\">Per\u017ei\u016br\u0117ti<\/span>\n\t\t\t\t\t<\/span>\n\t\t\t\t\t<\/a>\n\t\t\t\t\t\t\t\t<\/div>\n\t\t\t\t<\/div>\n\t\t\t\t<\/div>\n\t\t<div data-aos=\"fade-up\" class=\"hostinger-elementor-aos elementor-element elementor-element-1349706 e-con-full e-flex e-con e-child\" data-id=\"1349706\" data-element_type=\"container\" data-e-type=\"container\">\n\t\t<div data-aos=\"fade-up\" class=\"hostinger-elementor-aos elementor-element elementor-element-d6d297e e-con-full e-flex e-con e-child\" data-id=\"d6d297e\" data-element_type=\"container\" data-e-type=\"container\">\n\t\t<div data-aos=\"fade-up\" class=\"hostinger-elementor-aos elementor-element elementor-element-1a4d518 e-con-full is-light has-white-color hostinger-ai-cover-image hostinger-index-10 e-flex e-con e-child\" data-id=\"1a4d518\" data-element_type=\"container\" data-e-type=\"container\" data-settings=\"{&quot;background_background&quot;:&quot;classic&quot;}\">\n\t\t<div data-aos=\"fade-up\" class=\"hostinger-elementor-aos elementor-element elementor-element-cae428c e-con-full e-flex e-con e-child\" data-id=\"cae428c\" data-element_type=\"container\" data-e-type=\"container\" data-settings=\"{&quot;position&quot;:&quot;absolute&quot;}\">\n\t\t\t\t<div class=\"elementor-element elementor-element-ea1e9a7 hostinger-ai-title hostinger-index-6 hostinger-ai-font-title elementor-widget elementor-widget-heading\" data-id=\"ea1e9a7\" data-element_type=\"widget\" data-e-type=\"widget\" data-widget_type=\"heading.default\">\n\t\t\t\t\t<h2 class=\"elementor-heading-title elementor-size-default\">Dalys<\/h2>\t\t\t\t<\/div>\n\t\t\t\t<\/div>\n\t\t\t\t<\/div>\n\t\t\t\t<\/div>\n\t\t<div data-aos=\"fade-up\" class=\"hostinger-elementor-aos elementor-element elementor-element-3f0c2d9 e-con-full e-flex e-con e-child\" data-id=\"3f0c2d9\" data-element_type=\"container\" data-e-type=\"container\">\n\t\t<div data-aos=\"fade-up\" class=\"hostinger-elementor-aos elementor-element elementor-element-c4f9953 e-con-full is-light has-white-color hostinger-ai-cover-image hostinger-index-11 e-flex e-con e-child\" data-id=\"c4f9953\" data-element_type=\"container\" data-e-type=\"container\" data-settings=\"{&quot;background_background&quot;:&quot;classic&quot;}\">\n\t\t<div data-aos=\"fade-up\" class=\"hostinger-elementor-aos elementor-element elementor-element-8e6c0ff e-con-full e-flex e-con e-child\" data-id=\"8e6c0ff\" data-element_type=\"container\" data-e-type=\"container\" data-settings=\"{&quot;position&quot;:&quot;absolute&quot;}\">\n\t\t\t\t<div class=\"elementor-element elementor-element-259954d hostinger-ai-title hostinger-index-11 hostinger-ai-font-title elementor-widget elementor-widget-heading\" data-id=\"259954d\" data-element_type=\"widget\" data-e-type=\"widget\" data-widget_type=\"heading.default\">\n\t\t\t\t\t<h2 class=\"elementor-heading-title elementor-size-default\">Kompiuteri\u0173 remontas<\/h2>\t\t\t\t<\/div>\n\t\t\t\t<\/div>\n\t\t\t\t<\/div>\n\t\t\t\t<\/div>\n\t\t\t\t<\/div>\n\t\t\t\t<\/div>\n\t\t\t\t\t<\/div>\n\t\t\t\t<\/div>\n\t\t<div data-aos=\"fade-up\" class=\"hostinger-elementor-aos elementor-element elementor-element-7867da8 e-grid e-con-full hostinger-product-list e-con e-parent\" data-id=\"7867da8\" data-element_type=\"container\" data-e-type=\"container\">\n\t\t<div data-aos=\"fade-up\" class=\"hostinger-elementor-aos elementor-element elementor-element-87f2589 e-flex e-con-boxed e-con e-child\" data-id=\"87f2589\" data-element_type=\"container\" data-e-type=\"container\">\n\t\t\t\t\t<div class=\"e-con-inner\">\n\t\t\t\t<div class=\"elementor-element elementor-element-ffc2b31 hostinger-ai-title elementor-widget elementor-widget-heading\" data-id=\"ffc2b31\" data-element_type=\"widget\" data-e-type=\"widget\" data-widget_type=\"heading.default\">\n\t\t\t\t\t<h2 class=\"elementor-heading-title elementor-size-default\">Naudoti kompiuteriai<\/h2>\t\t\t\t<\/div>\n\t\t\t\t<div class=\"elementor-element elementor-element-9a280ab elementor-widget elementor-widget-shortcode\" data-id=\"9a280ab\" data-element_type=\"widget\" data-e-type=\"widget\" data-widget_type=\"shortcode.default\">\n\t\t\t\t\t\t\t<div class=\"elementor-shortcode\"><div class=\"woocommerce columns-4\"><ul class=\"products columns-4\">\n<li class=\"product type-product post-61 status-publish first instock product_cat-naudoti-kompiuteriai has-post-thumbnail shipping-taxable purchasable product-type-simple\">\n\t<a href=\"https:\/\/jjkompiuteriai.lt\/en\/product\/hp-envi-x360-15\/\" class=\"woocommerce-LoopProduct-link woocommerce-loop-product__link\"><img fetchpriority=\"high\" decoding=\"async\" width=\"300\" height=\"300\" src=\"https:\/\/jjkompiuteriai.lt\/wp-content\/uploads\/2026\/05\/IMG_2958-300x300.jpg\" class=\"attachment-woocommerce_thumbnail size-woocommerce_thumbnail\" alt=\"HP Envi X360 15&quot;\" srcset=\"https:\/\/jjkompiuteriai.lt\/wp-content\/uploads\/2026\/05\/IMG_2958-300x300.jpg 300w, https:\/\/jjkompiuteriai.lt\/wp-content\/uploads\/2026\/05\/IMG_2958-150x150.jpg 150w, https:\/\/jjkompiuteriai.lt\/wp-content\/uploads\/2026\/05\/IMG_2958-100x100.jpg 100w\" sizes=\"(max-width: 300px) 100vw, 300px\" \/><h2 class=\"woocommerce-loop-product__title\">HP Envi X360 15&#8243;<\/h2>\n\t<span class=\"price\"><span class=\"woocommerce-Price-amount amount\"><bdi>260,00&nbsp;<span class=\"woocommerce-Price-currencySymbol\">&euro;<\/span><\/bdi><\/span><\/span>\n<\/a><a href=\"\/en\/wp-json\/wp\/v2\/pages\/47?add-to-cart=61\" aria-describedby=\"woocommerce_loop_add_to_cart_link_describedby_61\" data-quantity=\"1\" class=\"button wp-element-button product_type_simple add_to_cart_button ajax_add_to_cart\" data-product_id=\"61\" data-product_sku=\"\" aria-label=\"Add to cart: \u201cHP Envi X360 15&quot;\u201d\" rel=\"nofollow\" data-success_message=\"\u201cHP Envi X360 15&quot;\u201d has been added to your cart\" role=\"button\" data-no-translation=\"\" data-trp-gettext=\"\" data-no-translation-aria-label=\"\" data-no-translation-data-success_message=\"\">Add to cart<\/a>\t<span id=\"woocommerce_loop_add_to_cart_link_describedby_61\" class=\"screen-reader-text\">\n\t\t\t<\/span>\n<\/li>\n<\/ul>\n<\/div><\/div>\n\t\t\t\t\t\t<\/div>\n\t\t\t\t<div class=\"elementor-element elementor-element-29944a2 hostinger-ai-cta-button elementor-widget elementor-widget-button\" data-id=\"29944a2\" data-element_type=\"widget\" data-e-type=\"widget\" data-widget_type=\"button.default\">\n\t\t\t\t\t\t\t\t\t\t<a class=\"elementor-button elementor-button-link elementor-size-sm\" href=\"https:\/\/jjkompiuteriai.lt\/en\/shop\/\">\n\t\t\t\t\t\t<span class=\"elementor-button-content-wrapper\">\n\t\t\t\t\t\t\t\t\t<span class=\"elementor-button-text\">Per\u017ei\u016br\u0117kite visus modelius ir raskite naudot\u0105 kompiuter\u012f u\u017e prieinam\u0105 kain\u0105.<\/span>\n\t\t\t\t\t<\/span>\n\t\t\t\t\t<\/a>\n\t\t\t\t\t\t\t\t<\/div>\n\t\t\t\t\t<\/div>\n\t\t\t\t<\/div>\n\t\t\t\t<\/div>\n\t\t<div data-aos=\"fade-up\" class=\"hostinger-elementor-aos elementor-element elementor-element-9479030 e-flex e-con-boxed e-con e-parent\" data-id=\"9479030\" data-element_type=\"container\" data-e-type=\"container\">\n\t\t\t\t\t<div class=\"e-con-inner\">\n\t\t\t\t<div class=\"elementor-element elementor-element-8ffd61b hostinger-ai-title elementor-widget elementor-widget-heading\" data-id=\"8ffd61b\" data-element_type=\"widget\" data-e-type=\"widget\" data-widget_type=\"heading.default\">\n\t\t\t\t\t<h2 class=\"elementor-heading-title elementor-size-default\">Prenumeruokite naujienas<\/h2>\t\t\t\t<\/div>\n\t\t\t\t<div class=\"elementor-element elementor-element-f3c9011 hostinger-ai-description elementor-widget elementor-widget-text-editor\" data-id=\"f3c9011\" data-element_type=\"widget\" data-e-type=\"widget\" data-widget_type=\"text-editor.default\">\n\t\t\t\t\t\t\t\t\tGaukite naujausias naudotos technikos pasi\u016blymus tiesiai \u012f savo el. pa\u0161t\u0105.\t\t\t\t\t\t\t\t<\/div>\n\t\t\t\t<div class=\"elementor-element elementor-element-7763be8 elementor-widget__width-initial elementor-widget elementor-widget-hostinger-reach\" data-id=\"7763be8\" data-element_type=\"widget\" data-e-type=\"widget\" data-widget_type=\"hostinger-reach.default\">\n\t\t\t\t<div class=\"elementor-widget-container\">\n\t\t\t\t\t        <div class=\"hostinger-reach-block-subscription-form-wrapper\">\n\n            <form id=\"elementor-hostinger-reach-form-2082986136102578177\" class=\"hostinger-reach-block-subscription-form\" action=\"\">\n                <input type=\"hidden\" name=\"group\" value=\"\">\n                <input type=\"hidden\" name=\"id\" value=\"elementor-hostinger-reach-form-2082986136102578177\">\n                <input type=\"hidden\" name=\"tags\" value=\"\">\n                <input type=\"hidden\" name=\"metadata.plugin\" value=\"elementor\">\n\n                <div\n                    class=\"hostinger-reach-block-form-fields\">\n                    <div class=\"hostinger-reach-block-form-field\">\n                        <label\n                            for=\"elementor-hostinger-reach-form-2082986136102578177-email\">Email                            <span class=\"required\">*<\/span><\/label>\n                        <input type=\"email\" id=\"elementor-hostinger-reach-form-2082986136102578177-email\" name=\"email\" required>\n                    <\/div>\n\n                    \n                    \n                    <button\n                        type=\"submit\"\n                        class=\"hostinger-reach-block-submit has-light-color has-color-3-background-color has-text-color has-background has-link-color\"\n                        >\n                        Subscribe                    <\/button>\n                <\/div>\n\n                <div class=\"reach-subscription-message\" style=\"display: none;\">\n                    <div class=\"reach-subscription-message__icon\" style=\"display: none;\">\n                        <svg width=\"24\" height=\"24\" viewbox=\"0 0 24 24\" fill=\"none\" xmlns=\"http:\/\/www.w3.org\/2000\/svg\">\n                            <path d=\"M21.0455 5.95463C21.4848 6.39397 21.4848 7.10628 21.0455 7.54562L11.5076 17.0835C10.9511 17.64 10.0489 17.64 9.49237 17.0835L5.2045 12.7956C4.76517 12.3563 4.76517 11.644 5.2045 11.2046C5.64384 10.7653 6.35616 10.7653 6.7955 11.2046L10.5 14.9091L19.4545 5.95463C19.8938 5.51529 20.6062 5.51529 21.0455 5.95463Z\" fill=\"#18181A\"\/>\n                        <\/svg>\n                    <\/div>\n                    <div class=\"reach-subscription-message__text\">\n                        Subscription form is not available at the moment                    <\/div>\n                <\/div>\n            <input type=\"hidden\" name=\"trp-form-language\" value=\"en\"\/><\/form>\n        <\/div>\n        \t\t\t\t<\/div>\n\t\t\t\t<\/div>\n\t\t\t\t\t<\/div>\n\t\t\t\t<\/div>\n\t\t<div data-aos=\"fade-up\" class=\"hostinger-elementor-aos elementor-element elementor-element-425a1bf e-flex e-con-boxed e-con e-parent\" data-id=\"425a1bf\" data-element_type=\"container\" data-e-type=\"container\" data-settings=\"{&quot;background_background&quot;:&quot;classic&quot;}\">\n\t\t\t\t\t<div class=\"e-con-inner\">\n\t\t<div data-aos=\"fade-up\" class=\"hostinger-elementor-aos elementor-element elementor-element-8eb3a11 e-con-full e-flex e-con e-child\" data-id=\"8eb3a11\" data-element_type=\"container\" data-e-type=\"container\">\n\t\t\t\t<div class=\"elementor-element elementor-element-2516ff0 hostinger-ai-title elementor-widget elementor-widget-heading\" data-id=\"2516ff0\" data-element_type=\"widget\" data-e-type=\"widget\" data-widget_type=\"heading.default\">\n\t\t\t\t\t<h2 class=\"elementor-heading-title elementor-size-default\">Atrask dabar<\/h2>\t\t\t\t<\/div>\n\t\t\t\t<div class=\"elementor-element elementor-element-bb2189c elementor-widget__width-initial hostinger-ai-description elementor-widget elementor-widget-text-editor\" data-id=\"bb2189c\" data-element_type=\"widget\" data-e-type=\"widget\" data-widget_type=\"text-editor.default\">\n\t\t\t\t\t\t\t\t\tNaudoti kompiuteriai, kuriems verta suteikti antr\u0105 gyvenim\u0105 \u2013 patikima kokyb\u0117 u\u017e prieinam\u0105 kain\u0105.\t\t\t\t\t\t\t\t<\/div>\n\t\t\t\t<div class=\"elementor-element elementor-element-c0f4a8e hostinger-ai-cta-button hostinger-index-0 elementor-widget elementor-widget-button\" data-id=\"c0f4a8e\" data-element_type=\"widget\" data-e-type=\"widget\" data-widget_type=\"button.default\">\n\t\t\t\t\t\t\t\t\t\t<a class=\"elementor-button elementor-button-link elementor-size-sm\" href=\"https:\/\/mediumspringgreen-swan-908339.hostingersite.com\/product\/visas-viename\/\">\n\t\t\t\t\t\t<span class=\"elementor-button-content-wrapper\">\n\t\t\t\t\t\t\t\t\t<span class=\"elementor-button-text\">Pirkti<\/span>\n\t\t\t\t\t<\/span>\n\t\t\t\t\t<\/a>\n\t\t\t\t\t\t\t\t<\/div>\n\t\t\t\t<\/div>\n\t\t\t\t\t<\/div>\n\t\t\t\t<\/div>\n\t\t\t\t<\/div>","protected":false},"excerpt":{"rendered":"<p>THE ONLY ONE Naudoti kompiuteriai Patikimi, patikrinti ir paruo\u0161ti darbui kompiuteriai u\u017e ger\u0105 kain\u0105. Pirkti dabar Remontas Patikima kokyb\u0117 Naudoti kompiuteriai Per\u017ei\u016br\u0117ti Dalys Kompiuteri\u0173 remontas Naudoti kompiuteriai Per\u017ei\u016br\u0117kite visus modelius ir raskite naudot\u0105 kompiuter\u012f u\u017e prieinam\u0105 kain\u0105. Prenumeruokite naujienas Gaukite naujausias naudotos technikos pasi\u016blymus tiesiai \u012f savo el. pa\u0161t\u0105. El. pa\u0161tas * Prenumeruoti Subscription form [&hellip;]<\/p>\n","protected":false},"author":1,"featured_media":0,"parent":0,"menu_order":0,"comment_status":"closed","ping_status":"closed","template":"","meta":{"footnotes":""},"class_list":["post-47","page","type-page","status-publish","hentry"],"aioseo_notices":[],"_hostinger_reach_plugin_has_subscription_block":false,"_hostinger_reach_plugin_is_elementor":false,"_links":{"self":[{"href":"https:\/\/jjkompiuteriai.lt\/en\/wp-json\/wp\/v2\/pages\/47","targetHints":{"allow":["GET"]}}],"collection":[{"href":"https:\/\/jjkompiuteriai.lt\/en\/wp-json\/wp\/v2\/pages"}],"about":[{"href":"https:\/\/jjkompiuteriai.lt\/en\/wp-json\/wp\/v2\/types\/page"}],"author":[{"embeddable":true,"href":"https:\/\/jjkompiuteriai.lt\/en\/wp-json\/wp\/v2\/users\/1"}],"replies":[{"embeddable":true,"href":"https:\/\/jjkompiuteriai.lt\/en\/wp-json\/wp\/v2\/comments?post=47"}],"version-history":[{"count":4,"href":"https:\/\/jjkompiuteriai.lt\/en\/wp-json\/wp\/v2\/pages\/47\/revisions"}],"predecessor-version":[{"id":90,"href":"https:\/\/jjkompiuteriai.lt\/en\/wp-json\/wp\/v2\/pages\/47\/revisions\/90"}],"wp:attachment":[{"href":"https:\/\/jjkompiuteriai.lt\/en\/wp-json\/wp\/v2\/media?parent=47"}],"curies":[{"name":"wp","href":"https:\/\/api.w.org\/{rel}","templated":true}]}}